{"id":12,"date":"2024-05-31T13:47:11","date_gmt":"2024-05-31T11:47:11","guid":{"rendered":"https:\/\/alprasolutions.com\/?page_id=12"},"modified":"2024-06-05T14:00:45","modified_gmt":"2024-06-05T12:00:45","slug":"medidas","status":"publish","type":"page","link":"https:\/\/www.cplalubina.com\/index.php\/medidas\/","title":{"rendered":"Medidas"},"content":{"rendered":"\n<div class=\"wp-block-columns are-vertically-aligned-center is-layout-flex wp-container-core-columns-is-layout-9d6595d7 wp-block-columns-is-layout-flex\">\n<div class=\"wp-block-column is-vertically-aligned-center is-layout-flow wp-block-column-is-layout-flow\" style=\"flex-basis:100%\">\n<div class=\"wp-block-group\"><div class=\"wp-block-group__inner-container is-layout-constrained wp-block-group-is-layout-constrained\">\n<div class=\"wp-block-columns is-layout-flex wp-container-core-columns-is-layout-9d6595d7 wp-block-columns-is-layout-flex\">\n<div class=\"wp-block-column is-layout-flow wp-block-column-is-layout-flow\" style=\"flex-basis:100%\">\n<div class=\"wp-block-group\"><div class=\"wp-block-group__inner-container is-layout-constrained wp-block-group-is-layout-constrained\">\n<div class=\"wp-block-columns is-layout-flex wp-container-core-columns-is-layout-9d6595d7 wp-block-columns-is-layout-flex\">\n<div class=\"wp-block-column is-layout-flow wp-block-column-is-layout-flow\" style=\"flex-basis:100%\">\n<figure class=\"wp-block-table is-style-regular has-small-font-size\"><table style=\"border-width:1px\"><thead><tr><th>ESPECIE<\/th><th class=\"has-text-align-center\" data-align=\"center\">MEDIDA<\/th><th>ESPECIE<\/th><th class=\"has-text-align-center\" data-align=\"center\">MEDIDA<\/th><\/tr><\/thead><tbody><tr><td>ABADEJO<\/td><td class=\"has-text-align-center\" data-align=\"center\">30 cm<\/td><td>GORAZO<\/td><td class=\"has-text-align-center\" data-align=\"center\">20 cm<\/td><\/tr><tr><td>ACEDIA (Tambor)<\/td><td class=\"has-text-align-center\" data-align=\"center\">15 cm<\/td><td>HERRERA<\/td><td class=\"has-text-align-center\" data-align=\"center\">15 cm<\/td><\/tr><tr><td>AGUILA MARINA (Chucho)<\/td><td class=\"has-text-align-center\" data-align=\"center\">50 cm<\/td><td>JAPUTA (Palometa Negra)<\/td><td class=\"has-text-align-center\" data-align=\"center\">16 cm<\/td><\/tr><tr><td>AGUJA (Corsito)<\/td><td class=\"has-text-align-center\" data-align=\"center\">50 cm<\/td><td>JUREL<\/td><td class=\"has-text-align-center\" data-align=\"center\">15 cm<\/td><\/tr><tr><td>ALBACORA (Bonito Norte)<\/td><td class=\"has-text-align-center\" data-align=\"center\">40 cm<\/td><td>LENGUADO<\/td><td class=\"has-text-align-center\" data-align=\"center\">20 cm<\/td><\/tr><tr><td>ALIGOTE (Besugo Blanco)<\/td><td class=\"has-text-align-center\" data-align=\"center\">17 cm<\/td><td>LIRIO (Lecha)<\/td><td class=\"has-text-align-center\" data-align=\"center\">60 cm<\/td><\/tr><tr><td>ANGUILA<\/td><td class=\"has-text-align-center\" data-align=\"center\">40 cm<\/td><td>LIRON<\/td><td class=\"has-text-align-center\" data-align=\"center\">25 cm<\/td><\/tr><tr><td>ANJOVA (Chova)<\/td><td class=\"has-text-align-center\" data-align=\"center\">25 cm<\/td><td>LISA<\/td><td class=\"has-text-align-center\" data-align=\"center\">20 cm<\/td><\/tr><tr><td>ARA\u00d1A<\/td><td class=\"has-text-align-center\" data-align=\"center\">15 cm<\/td><td>LISTADO (Bonito de Altura)<\/td><td class=\"has-text-align-center\" data-align=\"center\">40 cm<\/td><\/tr><tr><td>ATUN<\/td><td class=\"has-text-align-center\" data-align=\"center\">100 cm<\/td><td>LLAMPUGA (Dorado)<\/td><td class=\"has-text-align-center\" data-align=\"center\">50 cm<\/td><\/tr><tr><td>BABOSA<\/td><td class=\"has-text-align-center\" data-align=\"center\">15 cm<\/td><td>MARAGOTA (Urbi\u00f3n)<\/td><td class=\"has-text-align-center\" data-align=\"center\">20 cm<\/td><\/tr><tr><td>BACALADILLA<\/td><td class=\"has-text-align-center\" data-align=\"center\">15 cm<\/td><td>MARRAJO<\/td><td class=\"has-text-align-center\" data-align=\"center\">100 cm<\/td><\/tr><tr><td>BACORETA<\/td><td class=\"has-text-align-center\" data-align=\"center\">30 cm<\/td><td>MELVA<\/td><td class=\"has-text-align-center\" data-align=\"center\">30 cm<\/td><\/tr><tr><td>BAILA<\/td><td class=\"has-text-align-center\" data-align=\"center\">20 cm<\/td><td>MERLO (Zarzal Marino)<\/td><td class=\"has-text-align-center\" data-align=\"center\">15 cm<\/td><\/tr><tr><td>BAREADA (Lota)<\/td><td class=\"has-text-align-center\" data-align=\"center\">20 cm<\/td><td>MERLUZA<\/td><td class=\"has-text-align-center\" data-align=\"center\">20 cm<\/td><\/tr><tr><td>BEJEL<\/td><td class=\"has-text-align-center\" data-align=\"center\">20 cm<\/td><td>MERO<\/td><td class=\"has-text-align-center\" data-align=\"center\">45 cm<\/td><\/tr><tr><td>BESUGO BLANCO<\/td><td class=\"has-text-align-center\" data-align=\"center\">15 cm<\/td><td>MOJARRA (Vidriera)<\/td><td class=\"has-text-align-center\" data-align=\"center\">15 cm<\/td><\/tr><tr><td>BESUGO DE LA PINTA<\/td><td class=\"has-text-align-center\" data-align=\"center\">33 cm<\/td><td>MORENA<\/td><td class=\"has-text-align-center\" data-align=\"center\">60 cm<\/td><\/tr><tr><td>BODION (TORDO)<\/td><td class=\"has-text-align-center\" data-align=\"center\">15 cm<\/td><td>MUJOL<\/td><td class=\"has-text-align-center\" data-align=\"center\">20 cm<\/td><\/tr><tr><td>BORRACHO<\/td><td class=\"has-text-align-center\" data-align=\"center\">20 cm<\/td><td>MUSOTA (Jaqueta)<\/td><td class=\"has-text-align-center\" data-align=\"center\">80 cm<\/td><\/tr><tr><td>BORRIQUETE<\/td><td class=\"has-text-align-center\" data-align=\"center\">25 cm<\/td><td>OBLADA<\/td><td class=\"has-text-align-center\" data-align=\"center\">15 cm<\/td><\/tr><tr><td>BRECA (Pagel)<\/td><td class=\"has-text-align-center\" data-align=\"center\">15 cm<\/td><td>PALOMETA BLANCA<\/td><td class=\"has-text-align-center\" data-align=\"center\">18 cm<\/td><\/tr><tr><td>BROTOLA<\/td><td class=\"has-text-align-center\" data-align=\"center\">20 cm<\/td><td>PALOMETON<\/td><td class=\"has-text-align-center\" data-align=\"center\">60 cm<\/td><\/tr><tr><td>CABALLA<\/td><td class=\"has-text-align-center\" data-align=\"center\">18 cm<\/td><td>PAMPANO<\/td><td class=\"has-text-align-center\" data-align=\"center\">30 cm<\/td><\/tr><tr><td>CABRACHO<\/td><td class=\"has-text-align-center\" data-align=\"center\">15 cm<\/td><td>PAPARDA (Aguj\u00f3n)<\/td><td class=\"has-text-align-center\" data-align=\"center\">20 cm<\/td><\/tr><tr><td>CABRILLA<\/td><td class=\"has-text-align-center\" data-align=\"center\">18 cm<\/td><td>PARGO<\/td><td class=\"has-text-align-center\" data-align=\"center\">18 cm<\/td><\/tr><tr><td>CAPELLAN (Faneca)<\/td><td class=\"has-text-align-center\" data-align=\"center\">15 cm<\/td><td>PEZ BALLESTA (Escopeta)<\/td><td class=\"has-text-align-center\" data-align=\"center\">25 cm<\/td><\/tr><tr><td>CARAMEL<\/td><td class=\"has-text-align-center\" data-align=\"center\">15 cm<\/td><td>PEZ ESPADA<\/td><td class=\"has-text-align-center\" data-align=\"center\">125 cm<\/td><\/tr><tr><td>CARBONERO<\/td><td class=\"has-text-align-center\" data-align=\"center\">35 cm<\/td><td>PEZ LIMON (Serviola)<\/td><td class=\"has-text-align-center\" data-align=\"center\">45 cm<\/td><\/tr><tr><td>CASTA\u00d1UELA<\/td><td class=\"has-text-align-center\" data-align=\"center\">15 cm<\/td><td>PEZ VERDE (Fadri)<\/td><td class=\"has-text-align-center\" data-align=\"center\">15 cm<\/td><\/tr><tr><td>CAZON<\/td><td class=\"has-text-align-center\" data-align=\"center\">40 cm<\/td><td>PINTARROJA<\/td><td class=\"has-text-align-center\" data-align=\"center\">30 cm<\/td><\/tr><tr><td>CHERNA<\/td><td class=\"has-text-align-center\" data-align=\"center\">45 cm<\/td><td>PLATIJA<\/td><td class=\"has-text-align-center\" data-align=\"center\">20 cm<\/td><\/tr><tr><td>CHIRRETE (Pejerey)<\/td><td class=\"has-text-align-center\" data-align=\"center\">15 cm<\/td><td>RAPE<\/td><td class=\"has-text-align-center\" data-align=\"center\">30 cm<\/td><\/tr><tr><td>CHOPA<\/td><td class=\"has-text-align-center\" data-align=\"center\">23 cm<\/td><td>RASCACIO<\/td><td class=\"has-text-align-center\" data-align=\"center\">15 cm<\/td><\/tr><tr><td>CHUCLA (Galana)<\/td><td class=\"has-text-align-center\" data-align=\"center\">15 cm<\/td><td>RASPALLON<\/td><td class=\"has-text-align-center\" data-align=\"center\">15 cm<\/td><\/tr><tr><td>CHUCLETE (Pez de Rey)<\/td><td class=\"has-text-align-center\" data-align=\"center\">15 cm<\/td><td>RAYA<\/td><td class=\"has-text-align-center\" data-align=\"center\">50 cm<\/td><\/tr><tr><td>CONGRIO (Safio)<\/td><td class=\"has-text-align-center\" data-align=\"center\">58 cm<\/td><td>REMOL<\/td><td class=\"has-text-align-center\" data-align=\"center\">30 cm<\/td><\/tr><tr><td>CORVALLO<\/td><td class=\"has-text-align-center\" data-align=\"center\">25 cm<\/td><td>REYEZUELO<\/td><td class=\"has-text-align-center\" data-align=\"center\">15 cm<\/td><\/tr><tr><td>CORVINA (Pardilleja)<\/td><td class=\"has-text-align-center\" data-align=\"center\">30 cm<\/td><td>ROBALO (Lubina)<\/td><td class=\"has-text-align-center\" data-align=\"center\">25 cm<\/td><\/tr><tr><td>DENTON<\/td><td class=\"has-text-align-center\" data-align=\"center\">25 cm<\/td><td>RODABALLO<\/td><td class=\"has-text-align-center\" data-align=\"center\">30 cm<\/td><\/tr><tr><td>DONCELLA<\/td><td class=\"has-text-align-center\" data-align=\"center\">15 cm<\/td><td>RUBIEL (Cachucho)<\/td><td class=\"has-text-align-center\" data-align=\"center\">20 cm<\/td><\/tr><tr><td>DORADA<\/td><td class=\"has-text-align-center\" data-align=\"center\">20 cm<\/td><td>RUBIO<\/td><td class=\"has-text-align-center\" data-align=\"center\">20 cm<\/td><\/tr><tr><td>EGLEFINO<\/td><td class=\"has-text-align-center\" data-align=\"center\">30 cm<\/td><td>SALEMA<\/td><td class=\"has-text-align-center\" data-align=\"center\">15 cm<\/td><\/tr><tr><td>ESPADIN<\/td><td class=\"has-text-align-center\" data-align=\"center\">15 cm<\/td><td>SALMONETE<\/td><td class=\"has-text-align-center\" data-align=\"center\">15 cm<\/td><\/tr><tr><td>ESTORNINO<\/td><td class=\"has-text-align-center\" data-align=\"center\">25 cm<\/td><td>SAMA  &#8211; URTA<\/td><td class=\"has-text-align-center\" data-align=\"center\">25 cm<\/td><\/tr><tr><td>GALAN<\/td><td class=\"has-text-align-center\" data-align=\"center\">15 cm<\/td><td>SARGO<\/td><td class=\"has-text-align-center\" data-align=\"center\">18 cm<\/td><\/tr><tr><td>GALLINETA<\/td><td class=\"has-text-align-center\" data-align=\"center\">25 cm<\/td><td>SERRANO<\/td><td class=\"has-text-align-center\" data-align=\"center\">15 cm<\/td><\/tr><tr><td>GARAPELLO<\/td><td class=\"has-text-align-center\" data-align=\"center\">15 cm<\/td><td>TAPACULO<\/td><td class=\"has-text-align-center\" data-align=\"center\">15 cm<\/td><\/tr><tr><td>GOBIO DE MAR<\/td><td class=\"has-text-align-center\" data-align=\"center\">15 cm<\/td><td>TEMBLADERA<\/td><td class=\"has-text-align-center\" data-align=\"center\">40 cm<\/td><\/tr><tr><td>GOLONDRINA DE MAR<\/td><td class=\"has-text-align-center\" data-align=\"center\">15 cm<\/td><td>VERRUGATO<\/td><td class=\"has-text-align-center\" data-align=\"center\">25 cm<\/td><\/tr><\/tbody><\/table><figcaption class=\"wp-element-caption\">Para las especies no contempladas en la presente relaci\u00f3n se establece una medida m\u00ednima de 15 cms. Las medidas est\u00e1n supeditadas a las modificaciones de la Junta de Andaluc\u00eda. 01\/06\/2008<br>Para pruebas sociales, quedan excluidas las siguientes especies: Congrio, Morena y Liron, as\u00ed mismo en la zona protegida del Parque Natural de Cabo de Gata&nbsp; quedan excuidas las especies: Mero, Abadejo, Corvallo y Corvina.<\/figcaption><\/figure>\n\n\n\n<div class=\"wp-block-cover wp-duotone-purple-green\"><span aria-hidden=\"true\" class=\"wp-block-cover__background has-background-dim\"><\/span><div class=\"wp-block-cover__inner-container is-layout-flow wp-block-cover-is-layout-flow\">\n<div class=\"wp-block-group is-vertical is-layout-flex wp-container-core-group-is-layout-8cf370e7 wp-block-group-is-layout-flex\"><\/div>\n<\/div><\/div>\n<\/div>\n<\/div>\n<\/div><\/div>\n<\/div>\n<\/div>\n<\/div><\/div>\n<\/div>\n<\/div>\n\n\n\n<p><\/p>\n","protected":false},"excerpt":{"rendered":"<p>ESPECIE MEDIDA ESPECIE MEDIDA ABADEJO 30 cm GORAZO 20 cm ACEDIA (Tambor) 15 cm HERRERA 15 cm AGUILA MARINA (Chucho) 50 cm JAPUTA (Palometa Negra) 16 cm AGUJA (Corsito) 50 cm JUREL 15 cm ALBACORA (Bonito Norte) 40 cm LENGUADO 20 cm ALIGOTE (Besugo Blanco) 17 cm LIRIO (Lecha) 60 cm ANGUILA 40 cm LIRON&#8230;<\/p>\n","protected":false},"author":1,"featured_media":115,"parent":0,"menu_order":0,"comment_status":"closed","ping_status":"closed","template":"","meta":{"_kadence_starter_templates_imported_post":false,"_kad_post_transparent":"","_kad_post_title":"","_kad_post_layout":"","_kad_post_sidebar_id":"","_kad_post_content_style":"","_kad_post_vertical_padding":"","_kad_post_feature":"","_kad_post_feature_position":"","_kad_post_header":false,"_kad_post_footer":false,"footnotes":""},"class_list":["post-12","page","type-page","status-publish","has-post-thumbnail","hentry"],"_links":{"self":[{"href":"https:\/\/www.cplalubina.com\/index.php\/wp-json\/wp\/v2\/pages\/12","targetHints":{"allow":["GET"]}}],"collection":[{"href":"https:\/\/www.cplalubina.com\/index.php\/wp-json\/wp\/v2\/pages"}],"about":[{"href":"https:\/\/www.cplalubina.com\/index.php\/wp-json\/wp\/v2\/types\/page"}],"author":[{"embeddable":true,"href":"https:\/\/www.cplalubina.com\/index.php\/wp-json\/wp\/v2\/users\/1"}],"replies":[{"embeddable":true,"href":"https:\/\/www.cplalubina.com\/index.php\/wp-json\/wp\/v2\/comments?post=12"}],"version-history":[{"count":8,"href":"https:\/\/www.cplalubina.com\/index.php\/wp-json\/wp\/v2\/pages\/12\/revisions"}],"predecessor-version":[{"id":92,"href":"https:\/\/www.cplalubina.com\/index.php\/wp-json\/wp\/v2\/pages\/12\/revisions\/92"}],"wp:featuredmedia":[{"embeddable":true,"href":"https:\/\/www.cplalubina.com\/index.php\/wp-json\/wp\/v2\/media\/115"}],"wp:attachment":[{"href":"https:\/\/www.cplalubina.com\/index.php\/wp-json\/wp\/v2\/media?parent=12"}],"curies":[{"name":"wp","href":"https:\/\/api.w.org\/{rel}","templated":true}]}}